{"id":5,"date":"2023-01-20T11:18:09","date_gmt":"2023-01-20T11:18:09","guid":{"rendered":"https:\/\/progettotokai.it\/?page_id=5"},"modified":"2024-03-20T15:34:03","modified_gmt":"2024-03-20T15:34:03","slug":"create-your-website-with-blocks","status":"publish","type":"page","link":"https:\/\/progettotokai.it\/","title":{"rendered":"Senza titolo"},"content":{"rendered":"\n<h2 class=\"wp-block-heading alignwide has-text-align-center has-text-align-wide has-text-color has-link-color wp-elements-4437c82ade5ecc26ce1f82a88b763aa5\" style=\"color:#04742f;font-size:70px;font-style:normal;font-weight:100;line-height:0.9;text-transform:none\"><strong>DONA IL TUO<\/strong> <strong>5 X MILLE<\/strong><\/h2>\n\n\n\n<h2 class=\"wp-block-heading alignwide has-text-align-center has-text-align-wide has-text-color has-link-color wp-elements-dc9505bc41861ad9daf45ab48986ca55\" style=\"color:#04742f;font-size:70px;font-style:normal;font-weight:100;line-height:0.9;text-transform:none\"><strong>SOSTIENI IL PROGETTO TOKAI<\/strong><\/h2>\n\n\n\n<p class=\"has-text-align-center has-text-color has-link-color has-extra-large-font-size wp-elements-dd4c07e9e6b84334dc615a9733bbbc16\" style=\"color:#04742f\"><strong>C.F. 97373440821<\/strong><\/p>\n\n\n\n<p><\/p>\n\n\n\n<h2 class=\"wp-block-heading alignwide has-text-align-center has-text-align-wide\" style=\"font-size:70px;font-style:normal;font-weight:100;line-height:0.9;text-transform:none\">Un aiuto concreto per i bambini di strada<\/h2>\n\n\n\n<div class=\"wp-block-columns alignwide are-vertically-aligned-center is-style-twentytwentyone-columns-overlap is-layout-flex wp-container-core-columns-is-layout-53642b31 wp-block-columns-is-layout-flex\" style=\"padding-top:0;padding-right:0;padding-bottom:0;padding-left:0\">\n<div class=\"wp-block-column is-vertically-aligned-center is-layout-flow wp-block-column-is-layout-flow\">\n<h3 class=\"wp-block-heading has-text-align-center\">Insieme per combattere povert\u00e0 ed emarginazione<\/h3>\n\n\n\n<p><em>Progetto Tokai ODV<\/em>, vuole combattere con aiuti diretti, lo stato di povert\u00e0 e di emarginazione di tutti i bambini di strada del mondo. Aiutando le strutture esistenti nei vari paesi dove la povert\u00e0 \u00e8 endemica, la povert\u00e0 massima, quella che non pu\u00f2 essere definita, che appartiene a chi non ha una famiglia, non ha una casa, non ha da mangiare e non \u00e8 scolarizzata.<\/p>\n\n\n\n<figure class=\"wp-block-gallery has-nested-images columns-default is-cropped wp-block-gallery-1 is-layout-flex wp-block-gallery-is-layout-flex\">\n<figure class=\"wp-block-image size-large\"><img loading=\"lazy\" decoding=\"async\" width=\"682\" height=\"1024\" data-id=\"37\" src=\"https:\/\/progettotokai.it\/wp-content\/uploads\/2023\/01\/050-682x1024.jpg\" alt=\"\" class=\"wp-image-37\" srcset=\"https:\/\/progettotokai.it\/wp-content\/uploads\/2023\/01\/050-682x1024.jpg 682w, https:\/\/progettotokai.it\/wp-content\/uploads\/2023\/01\/050-200x300.jpg 200w, https:\/\/progettotokai.it\/wp-content\/uploads\/2023\/01\/050-768x1154.jpg 768w, https:\/\/progettotokai.it\/wp-content\/uploads\/2023\/01\/050-1022x1536.jpg 1022w, https:\/\/progettotokai.it\/wp-content\/uploads\/2023\/01\/050-1363x2048.jpg 1363w, https:\/\/progettotokai.it\/wp-content\/uploads\/2023\/01\/050-1568x2356.jpg 1568w, https:\/\/progettotokai.it\/wp-content\/uploads\/2023\/01\/050.jpg 1572w\" sizes=\"auto, (max-width: 682px) 100vw, 682px\" \/><\/figure>\n\n\n\n<figure class=\"wp-block-image size-large\"><img loading=\"lazy\" decoding=\"async\" width=\"1024\" height=\"683\" data-id=\"33\" src=\"https:\/\/progettotokai.it\/wp-content\/uploads\/2023\/01\/028-1024x683.jpg\" alt=\"\" class=\"wp-image-33\" srcset=\"https:\/\/progettotokai.it\/wp-content\/uploads\/2023\/01\/028-1024x683.jpg 1024w, https:\/\/progettotokai.it\/wp-content\/uploads\/2023\/01\/028-300x200.jpg 300w, https:\/\/progettotokai.it\/wp-content\/uploads\/2023\/01\/028-768x512.jpg 768w, https:\/\/progettotokai.it\/wp-content\/uploads\/2023\/01\/028-1536x1024.jpg 1536w, https:\/\/progettotokai.it\/wp-content\/uploads\/2023\/01\/028-2048x1365.jpg 2048w, https:\/\/progettotokai.it\/wp-content\/uploads\/2023\/01\/028-1568x1045.jpg 1568w\" sizes=\"auto, (max-width: 1024px) 100vw, 1024px\" \/><\/figure>\n\n\n\n<figure class=\"wp-block-image size-large\"><img loading=\"lazy\" decoding=\"async\" width=\"681\" height=\"1024\" data-id=\"31\" src=\"https:\/\/progettotokai.it\/wp-content\/uploads\/2023\/01\/026-681x1024.jpg\" alt=\"\" class=\"wp-image-31\" srcset=\"https:\/\/progettotokai.it\/wp-content\/uploads\/2023\/01\/026-681x1024.jpg 681w, https:\/\/progettotokai.it\/wp-content\/uploads\/2023\/01\/026-200x300.jpg 200w, https:\/\/progettotokai.it\/wp-content\/uploads\/2023\/01\/026-768x1154.jpg 768w, https:\/\/progettotokai.it\/wp-content\/uploads\/2023\/01\/026-1022x1536.jpg 1022w, https:\/\/progettotokai.it\/wp-content\/uploads\/2023\/01\/026-1363x2048.jpg 1363w, https:\/\/progettotokai.it\/wp-content\/uploads\/2023\/01\/026-1568x2357.jpg 1568w, https:\/\/progettotokai.it\/wp-content\/uploads\/2023\/01\/026.jpg 1650w\" sizes=\"auto, (max-width: 681px) 100vw, 681px\" \/><\/figure>\n<\/figure>\n\n\n\n<div style=\"height:27px\" aria-hidden=\"true\" class=\"wp-block-spacer\"><\/div>\n<\/div>\n<\/div>\n\n\n\n<div class=\"wp-block-columns alignwide is-layout-flex wp-container-core-columns-is-layout-9d6595d7 wp-block-columns-is-layout-flex\">\n<div class=\"wp-block-column is-layout-flow wp-block-column-is-layout-flow\">\n<h2 class=\"wp-block-heading\">Una breve storia<\/h2>\n\n\n\n<p>Questa storia inizia nel 2011, quando mi sono recato per la prima volta in Bangladesh come farmacista ospedaliero, per una missione sanitaria umanitaria, organizzata da Progetto Sorriso nel Mondo Onlus insieme a un gruppo di chirurghi e infermieri, presso l\u2019<strong><a href=\"https:\/\/it.wikipedia.org\/wiki\/Ospedale_di_Saint_Mary\" data-type=\"URL\" data-id=\"https:\/\/it.wikipedia.org\/wiki\/Ospedale_di_Saint_Mary\">Ospedale Saint Mary di Mymensingh<\/a><\/strong>.<\/p>\n\n\n\n<p>In quell\u2019occasione ho conosciuto Padre Riccardo Tobanelli che coordinava l\u2019accettazione dei pazienti che venivano selezionati per gravit\u00e0 dallo staff medico e successivamente essere sottoposti a intervento chirurgico. Padre Riccardo, oltre a dedicarsi all\u2019organizzazione dei vari gruppi sanitari che si alternavano, aveva dedicato il suo impegno nella ricerca dei bambini di strada chiamati <strong>Tokai<\/strong>, che in <strong>Bangladesh<\/strong> sono piuttosto numerosi e che vivono ai margini della societ\u00e0 costretti a lavorare nella discarica di <strong>Dhaka<\/strong> per i rigattieri, accontentandosi di esistere in uno stato di precariet\u00e0 difficilmente descrivibile.<\/p>\n\n\n<div class=\"wp-block-image\">\n<figure class=\"alignright size-large is-resized\"><img loading=\"lazy\" decoding=\"async\" width=\"1024\" height=\"808\" src=\"https:\/\/progettotokai.it\/wp-content\/uploads\/2023\/01\/TdV-Tokai_Copertina-1024x808.jpg\" alt=\"\" class=\"wp-image-69\" style=\"width:563px;height:444px\" srcset=\"https:\/\/progettotokai.it\/wp-content\/uploads\/2023\/01\/TdV-Tokai_Copertina-1024x808.jpg 1024w, https:\/\/progettotokai.it\/wp-content\/uploads\/2023\/01\/TdV-Tokai_Copertina-300x237.jpg 300w, https:\/\/progettotokai.it\/wp-content\/uploads\/2023\/01\/TdV-Tokai_Copertina-768x606.jpg 768w, https:\/\/progettotokai.it\/wp-content\/uploads\/2023\/01\/TdV-Tokai_Copertina-1536x1212.jpg 1536w, https:\/\/progettotokai.it\/wp-content\/uploads\/2023\/01\/TdV-Tokai_Copertina-1568x1237.jpg 1568w, https:\/\/progettotokai.it\/wp-content\/uploads\/2023\/01\/TdV-Tokai_Copertina.jpg 1635w\" sizes=\"auto, (max-width: 1024px) 100vw, 1024px\" \/><figcaption class=\"wp-element-caption\"><a href=\"https:\/\/www.torridelventoedizioni.it\/libro\/tokai-a-life-in-chains\/\" data-type=\"URL\" data-id=\"https:\/\/www.torridelventoedizioni.it\/libro\/tokai-a-life-in-chains\/\">Sostieni Tokai acquistando il libro<\/a><\/figcaption><\/figure>\n<\/div>\n\n\n<p>Nel 2011 Padre Riccardo gestiva gi\u00e0 una <strong>Tokai House<\/strong> che ospitava circa trenta bambini nella periferia di Dhaka, ma avendo percepito l\u2019entit\u00e0 del problema, si era attivato per acquistare un terreno e costruire una casa pi\u00f9 grande capace di ospitare pi\u00f9 bambini. Stabilirne il numero \u00e8 impossibile perch\u00e9 la popolazione aumenta di continuo, solo nell\u2019ultimo mese se ne sono aggiunti otto.<\/p>\n\n\n\n<p>Padre Riccardo \u00e8 riuscito a fare queste cose grazie all\u2019aiuto di organizzazioni no profit che finanziavano le missioni sanitarie e a quello dei diversi italiani residenti a Dhaka, imprenditori, dipendenti dell\u2019Ambasciata Italiana, della FAO e altri.<\/p>\n\n\n\n<p>Sono tornato in Bangladesh nel 2013 e al rientro a Dhaka, da dove saremmo ripartiti per l\u2019Italia, ho voluto visitare di persona la discarica della megalopoli. Sono riuscito a entrare solo per 10 minuti e ho conosciuto i potenziali ospiti della Tokai House di Padre Riccardo. Insieme a loro mi sono addentrato tra i rifiuti e o percepito tutta la violenza della condizione di lavoro.<\/p>\n\n\n\n<p>Padre Riccardo muore nel giugno 2021 e le due Tokai House, di <strong>Khulna <\/strong>e <strong>Dhaka<\/strong>, si ritrovano improvvisamente senza la guida di una persona capace di trovare i fondi per garantire a questi bambini una vita degna di un essere umano. Nella casa trovano da mangiare, da vestire e da dormire, ma a una condizione: devono andare a scuola.<\/p>\n\n\n<div class=\"wp-block-image\">\n<figure class=\"alignleft size-large is-resized\"><img loading=\"lazy\" decoding=\"async\" width=\"1024\" height=\"685\" src=\"https:\/\/progettotokai.it\/wp-content\/uploads\/2023\/01\/048-1024x685.jpg\" alt=\"\" class=\"wp-image-36\" style=\"width:675px;height:451px\" srcset=\"https:\/\/progettotokai.it\/wp-content\/uploads\/2023\/01\/048-1024x685.jpg 1024w, https:\/\/progettotokai.it\/wp-content\/uploads\/2023\/01\/048-300x201.jpg 300w, https:\/\/progettotokai.it\/wp-content\/uploads\/2023\/01\/048-768x514.jpg 768w, https:\/\/progettotokai.it\/wp-content\/uploads\/2023\/01\/048-1536x1028.jpg 1536w, https:\/\/progettotokai.it\/wp-content\/uploads\/2023\/01\/048-2048x1371.jpg 2048w, https:\/\/progettotokai.it\/wp-content\/uploads\/2023\/01\/048-1568x1050.jpg 1568w\" sizes=\"auto, (max-width: 1024px) 100vw, 1024px\" \/><\/figure>\n<\/div>\n\n\n<p>I confratelli Saveriani, che \u00e8 l\u2019ordine al quale apparteneva Padre Riccardo, si ritrovano cos\u00ec a dovere mantenere la funzionalit\u00e0 delle due Tokai House, senza l\u2019apporto di chi aveva anche buone capacit\u00e0 manageriali e quindi si ritrovano in una condizione di grande difficolt\u00e0.<\/p>\n\n\n\n<p>Io non ho mai dimenticato quei bambini e al primo grido di allarme di <strong>Padre Pier Lupi <\/strong>che adesso coordina le attivit\u00e0 dei Saveriani in Bangladesh, mi sono attivato senza esitazioni, per garantire un futuro a questi bambini sfortunati, ma pensando anche di liberarne qualcuno. Liberarli da questa strana forma di schiavit\u00f9 alla quale sono condannati per debiti, se vogliamo minimi. I Tokai infatti, <strong>lavorano nella discarica cercando tra i rifiuti che si possono riciclare<\/strong> e che a fine giornata consegnano al rigattiere che li ospita e gli d\u00e0 il cibo per sopravvivere. Ma poich\u00e9 vitto e alloggio ha un costo, se i bambini non portano prodotti il cui valore raggiunge le spese del rigattiere, aumenta il loro debito. Per questo motivo possono essere considerati schiavi.<\/p>\n\n\n\n<p class=\"has-text-align-right\"><em>Luigi Di Salvo<\/em><\/p>\n<\/div>\n<\/div>\n","protected":false},"excerpt":{"rendered":"<p>DONA IL TUO 5 X MILLE SOSTIENI IL PROGETTO TOKAI C.F. 97373440821 Un aiuto concreto per i bambini di strada Insieme per combattere povert\u00e0 ed emarginazione Progetto Tokai ODV, vuole combattere con aiuti diretti, lo stato di povert\u00e0 e di emarginazione di tutti i bambini di strada del mondo. Aiutando le strutture esistenti nei vari&hellip; <a class=\"more-link\" href=\"https:\/\/progettotokai.it\/\">Continua a leggere <span class=\"screen-reader-text\">Senza titolo<\/span><\/a><\/p>\n","protected":false},"author":1,"featured_media":0,"parent":0,"menu_order":0,"comment_status":"closed","ping_status":"closed","template":"","meta":{"give_campaign_id":0,"footnotes":""},"class_list":["post-5","page","type-page","status-publish","hentry","entry"],"campaignId":"","_links":{"self":[{"href":"https:\/\/progettotokai.it\/index.php\/wp-json\/wp\/v2\/pages\/5","targetHints":{"allow":["GET"]}}],"collection":[{"href":"https:\/\/progettotokai.it\/index.php\/wp-json\/wp\/v2\/pages"}],"about":[{"href":"https:\/\/progettotokai.it\/index.php\/wp-json\/wp\/v2\/types\/page"}],"author":[{"embeddable":true,"href":"https:\/\/progettotokai.it\/index.php\/wp-json\/wp\/v2\/users\/1"}],"replies":[{"embeddable":true,"href":"https:\/\/progettotokai.it\/index.php\/wp-json\/wp\/v2\/comments?post=5"}],"version-history":[{"count":44,"href":"https:\/\/progettotokai.it\/index.php\/wp-json\/wp\/v2\/pages\/5\/revisions"}],"predecessor-version":[{"id":189,"href":"https:\/\/progettotokai.it\/index.php\/wp-json\/wp\/v2\/pages\/5\/revisions\/189"}],"wp:attachment":[{"href":"https:\/\/progettotokai.it\/index.php\/wp-json\/wp\/v2\/media?parent=5"}],"curies":[{"name":"wp","href":"https:\/\/api.w.org\/{rel}","templated":true}]}}