{"id":72,"date":"2023-01-20T11:45:44","date_gmt":"2023-01-20T11:45:44","guid":{"rendered":"https:\/\/progettotokai.it\/?page_id=72"},"modified":"2023-09-14T13:55:54","modified_gmt":"2023-09-14T13:55:54","slug":"cosa-vogliamo-fare","status":"publish","type":"page","link":"https:\/\/progettotokai.it\/index.php\/cosa-vogliamo-fare\/","title":{"rendered":"Cosa vogliamo fare"},"content":{"rendered":"\n<div class=\"wp-block-columns alignwide is-layout-flex wp-container-core-columns-is-layout-9d6595d7 wp-block-columns-is-layout-flex\">\n<div class=\"wp-block-column is-layout-flow wp-block-column-is-layout-flow\">\n<figure class=\"wp-block-embed is-type-video is-provider-youtube wp-block-embed-youtube wp-embed-aspect-16-9 wp-has-aspect-ratio\"><div class=\"wp-block-embed__wrapper\">\n<iframe loading=\"lazy\" title=\"Documentario sul Bangladesh - Apg23\" width=\"750\" height=\"422\" src=\"https:\/\/www.youtube.com\/embed\/s6vbp5mUUrM?start=9&#038;feature=oembed\" frameborder=\"0\" allow=\"accelerometer; autoplay; clipboard-write; encrypted-media; gyroscope; picture-in-picture; web-share\" allowfullscreen><\/iframe>\n<\/div><\/figure>\n\n\n\n<p>Il progetto di Tokai nel mondo, che muove i primi passi in questo dicembre 2022, si somma ai tanti gi\u00e0 esistenti nel settore della solidariet\u00e0, ma lo fa partendo da un\u2019altra prospettiva. Quella del pensiero unico di chi ha avuto e ha ancora tanto, che vuole pensare di restituire qualcosa a chi non ha avuto e non ha niente.<\/p>\n\n\n\n<p>Per questo pensiamo che chi decide di far parte di questo gruppo di persone generose, lo deve fare in piena coscienza e dunque deve prestare la sua opera, in qualunque forma pu\u00f2 essere espressa, in modo assolutamente gratuito e volontario.<\/p>\n\n\n<div class=\"wp-block-image is-style-default\">\n<figure class=\"alignleft size-large is-resized\"><img loading=\"lazy\" decoding=\"async\" src=\"https:\/\/progettotokai.it\/wp-content\/uploads\/2023\/01\/007-1024x681.jpg\" alt=\"\" class=\"wp-image-26\" style=\"width:649px;height:431px\" width=\"649\" height=\"431\" srcset=\"https:\/\/progettotokai.it\/wp-content\/uploads\/2023\/01\/007-1024x681.jpg 1024w, https:\/\/progettotokai.it\/wp-content\/uploads\/2023\/01\/007-300x200.jpg 300w, https:\/\/progettotokai.it\/wp-content\/uploads\/2023\/01\/007-768x511.jpg 768w, https:\/\/progettotokai.it\/wp-content\/uploads\/2023\/01\/007-1536x1022.jpg 1536w, https:\/\/progettotokai.it\/wp-content\/uploads\/2023\/01\/007-2048x1363.jpg 2048w, https:\/\/progettotokai.it\/wp-content\/uploads\/2023\/01\/007-1568x1043.jpg 1568w\" sizes=\"auto, (max-width: 649px) 100vw, 649px\" \/><figcaption class=\"wp-element-caption\">Bambino che gioca tra i rifiuti della discarica di Dhaka<\/figcaption><\/figure>\n<\/div>\n\n\n<p>Tokai nel mondo vuole combattere con aiuti diretti lo stato di povert\u00e0 e di emarginazione di tutti i bambini del mondo. Aiutando le strutture esistenti nei vari paesi dove la povert\u00e0 \u00e8 endemica, la povert\u00e0 massima, quella che non pu\u00f2 essere definita, che appartiene a chi non ha una famiglia, non ha una casa, non ha da mangiare e non \u00e8 scolarizzata.<\/p>\n\n\n\n<p>Simbolicamente iniziamo il percorso dai Tokai (cos\u00ec sono chiamati i bambini di strada) in Bangladesh. Il Bangladesh che ha un territorio che si estende su&nbsp;147570&nbsp;km\u00b2&nbsp;(inclusi di&nbsp;10090&nbsp;km\u00b2&nbsp;di acque), ha una popolazione di quasi 166 milioni di abitanti e i poveri sono circa 50 milioni.<\/p>\n\n\n\n<p>I Tokai li abbiamo incontrati nella discarica di Dhaka, li abbiamo visti affondare le mani nude nei rifiuti e muoversi senza scarpe a piedi nudi tra scarti di ogni genere.<\/p>\n\n\n\n<p>Li abbiamo seguiti nel percorso di recupero e abbiamo gioito nel vederli mangiare e studiare, in una nuova dimensione di vita che gli consentir\u00e0 di reinserirsi nella societ\u00e0.<\/p>\n\n\n\n<p>Questo vogliamo fare<strong>: AIUTARE I BAMBINI DEL MONDO CHE SONO ABBANDONATI A SE STESSI.<\/strong><\/p>\n<\/div>\n<\/div>\n","protected":false},"excerpt":{"rendered":"<p>Il progetto di Tokai nel mondo, che muove i primi passi in questo dicembre 2022, si somma ai tanti gi\u00e0 esistenti nel settore della solidariet\u00e0, ma lo fa partendo da un\u2019altra prospettiva. Quella del pensiero unico di chi ha avuto e ha ancora tanto, che vuole pensare di restituire qualcosa a chi non ha avuto&hellip; <a class=\"more-link\" href=\"https:\/\/progettotokai.it\/index.php\/cosa-vogliamo-fare\/\">Continua a leggere <span class=\"screen-reader-text\">Cosa vogliamo fare<\/span><\/a><\/p>\n","protected":false},"author":1,"featured_media":0,"parent":0,"menu_order":0,"comment_status":"closed","ping_status":"closed","template":"","meta":{"give_campaign_id":0,"footnotes":""},"class_list":["post-72","page","type-page","status-publish","hentry","entry"],"campaignId":"","_links":{"self":[{"href":"https:\/\/progettotokai.it\/index.php\/wp-json\/wp\/v2\/pages\/72","targetHints":{"allow":["GET"]}}],"collection":[{"href":"https:\/\/progettotokai.it\/index.php\/wp-json\/wp\/v2\/pages"}],"about":[{"href":"https:\/\/progettotokai.it\/index.php\/wp-json\/wp\/v2\/types\/page"}],"author":[{"embeddable":true,"href":"https:\/\/progettotokai.it\/index.php\/wp-json\/wp\/v2\/users\/1"}],"replies":[{"embeddable":true,"href":"https:\/\/progettotokai.it\/index.php\/wp-json\/wp\/v2\/comments?post=72"}],"version-history":[{"count":6,"href":"https:\/\/progettotokai.it\/index.php\/wp-json\/wp\/v2\/pages\/72\/revisions"}],"predecessor-version":[{"id":163,"href":"https:\/\/progettotokai.it\/index.php\/wp-json\/wp\/v2\/pages\/72\/revisions\/163"}],"wp:attachment":[{"href":"https:\/\/progettotokai.it\/index.php\/wp-json\/wp\/v2\/media?parent=72"}],"curies":[{"name":"wp","href":"https:\/\/api.w.org\/{rel}","templated":true}]}}